{"id":33,"date":"2019-01-05T12:39:49","date_gmt":"2019-01-05T12:39:49","guid":{"rendered":"http:\/\/bakowscybhp.pl\/?page_id=33"},"modified":"2019-11-26T12:01:44","modified_gmt":"2019-11-26T12:01:44","slug":"strategia","status":"publish","type":"page","link":"https:\/\/bakowscybhp.pl\/?page_id=33","title":{"rendered":"STRATEGIA"},"content":{"rendered":"\t\t<div data-elementor-type=\"wp-post\" data-elementor-id=\"33\" class=\"elementor elementor-33\">\n\t\t\t\t\t\t<section class=\"elementor-section elementor-top-section elementor-element elementor-element-03eaaa5 elementor-section-full_width elementor-section-height-full animated-slow elementor-section-height-default elementor-section-items-middle elementor-invisible\" data-id=\"03eaaa5\" data-element_type=\"section\" data-settings=\"{&quot;background_background&quot;:&quot;classic&quot;,&quot;animation&quot;:&quot;fadeInDown&quot;}\">\n\t\t\t\t\t\t<div class=\"elementor-container elementor-column-gap-default\">\n\t\t\t\t\t<div class=\"elementor-column elementor-col-50 elementor-top-column elementor-element elementor-element-69b7c9b\" data-id=\"69b7c9b\" data-element_type=\"column\">\n\t\t\t<div class=\"elementor-widget-wrap elementor-element-populated\">\n\t\t\t\t\t\t<div class=\"elementor-element elementor-element-98c491f animated-slow elementor-invisible elementor-widget elementor-widget-heading\" data-id=\"98c491f\" data-element_type=\"widget\" data-settings=\"{&quot;_animation&quot;:&quot;fadeInUp&quot;,&quot;_animation_delay&quot;:700}\" data-widget_type=\"heading.default\">\n\t\t\t\t<div class=\"elementor-widget-container\">\n\t\t\t<h2 class=\"elementor-heading-title elementor-size-default\">STRATEGIA<\/h2>\t\t<\/div>\n\t\t\t\t<\/div>\n\t\t\t\t<div class=\"elementor-element elementor-element-fe5150c animated-slow elementor-invisible elementor-widget elementor-widget-heading\" data-id=\"fe5150c\" data-element_type=\"widget\" data-settings=\"{&quot;_animation&quot;:&quot;fadeInUp&quot;,&quot;_animation_delay&quot;:700}\" data-widget_type=\"heading.default\">\n\t\t\t\t<div class=\"elementor-widget-container\">\n\t\t\t<h2 class=\"elementor-heading-title elementor-size-default\">Systematyczne budowanie wysoce wykwalifikowanego zespo\u0142u poprzez zatrudnianie oraz rozw\u00f3j pracownik\u00f3w firmy. Praca zespo\u0142owa na stworzonych standardach. Zwi\u0119kszanie zasi\u0119gu terytorialnego i udzia\u0142u w rynku,  celem podnoszenia bezpiecze\u0144stwa pracy w zak\u0142adach naszych klient\u00f3w i rozwoju firmy.<\/h2>\t\t<\/div>\n\t\t\t\t<\/div>\n\t\t\t\t\t<\/div>\n\t\t<\/div>\n\t\t\t\t<div class=\"elementor-column elementor-col-50 elementor-top-column elementor-element elementor-element-427e98a\" data-id=\"427e98a\" data-element_type=\"column\">\n\t\t\t<div class=\"elementor-widget-wrap\">\n\t\t\t\t\t\t\t<\/div>\n\t\t<\/div>\n\t\t\t\t\t<\/div>\n\t\t<\/section>\n\t\t\t\t<\/div>\n\t\t","protected":false},"excerpt":{"rendered":"<p>STRATEGIA Systematyczne budowanie wysoce wykwalifikowanego zespo\u0142u poprzez zatrudnianie oraz rozw\u00f3j pracownik\u00f3w firmy. Praca zespo\u0142owa na stworzonych standardach. Zwi\u0119kszanie zasi\u0119gu terytorialnego i udzia\u0142u w rynku, celem podnoszenia bezpiecze\u0144stwa pracy w zak\u0142adach naszych klient\u00f3w i rozwoju firmy.<\/p>\n","protected":false},"author":1,"featured_media":0,"parent":0,"menu_order":0,"comment_status":"closed","ping_status":"closed","template":"","meta":{"site-sidebar-layout":"no-sidebar","site-content-layout":"page-builder","ast-site-content-layout":"","site-content-style":"default","site-sidebar-style":"default","ast-global-header-display":"","ast-banner-title-visibility":"","ast-main-header-display":"","ast-hfb-above-header-display":"","ast-hfb-below-header-display":"","ast-hfb-mobile-header-display":"","site-post-title":"disabled","ast-breadcrumbs-content":"","ast-featured-img":"disabled","footer-sml-layout":"","theme-transparent-header-meta":"default","adv-header-id-meta":"","stick-header-meta":"","header-above-stick-meta":"","header-main-stick-meta":"","header-below-stick-meta":"","astra-migrate-meta-layouts":"","footnotes":""},"aioseo_notices":[],"_links":{"self":[{"href":"https:\/\/bakowscybhp.pl\/index.php?rest_route=\/wp\/v2\/pages\/33"}],"collection":[{"href":"https:\/\/bakowscybhp.pl\/index.php?rest_route=\/wp\/v2\/pages"}],"about":[{"href":"https:\/\/bakowscybhp.pl\/index.php?rest_route=\/wp\/v2\/types\/page"}],"author":[{"embeddable":true,"href":"https:\/\/bakowscybhp.pl\/index.php?rest_route=\/wp\/v2\/users\/1"}],"replies":[{"embeddable":true,"href":"https:\/\/bakowscybhp.pl\/index.php?rest_route=%2Fwp%2Fv2%2Fcomments&post=33"}],"version-history":[{"count":5,"href":"https:\/\/bakowscybhp.pl\/index.php?rest_route=\/wp\/v2\/pages\/33\/revisions"}],"predecessor-version":[{"id":424,"href":"https:\/\/bakowscybhp.pl\/index.php?rest_route=\/wp\/v2\/pages\/33\/revisions\/424"}],"wp:attachment":[{"href":"https:\/\/bakowscybhp.pl\/index.php?rest_route=%2Fwp%2Fv2%2Fmedia&parent=33"}],"curies":[{"name":"wp","href":"https:\/\/api.w.org\/{rel}","templated":true}]}}