{"id":37,"date":"2019-01-05T12:39:49","date_gmt":"2019-01-05T12:39:49","guid":{"rendered":"http:\/\/bakowscybhp.pl\/?page_id=37"},"modified":"2019-11-27T21:36:57","modified_gmt":"2019-11-27T21:36:57","slug":"zarzadzanie-bhp","status":"publish","type":"page","link":"https:\/\/bakowscybhp.pl\/?page_id=37","title":{"rendered":"ZARZ\u0104DZANIE BHP"},"content":{"rendered":"\t\t<div data-elementor-type=\"wp-post\" data-elementor-id=\"37\" class=\"elementor elementor-37\">\n\t\t\t\t\t\t<section class=\"elementor-section elementor-top-section elementor-element elementor-element-074e0ab elementor-section-full_width elementor-section-height-full elementor-section-height-default elementor-section-items-middle elementor-invisible\" data-id=\"074e0ab\" data-element_type=\"section\" data-settings=\"{&quot;background_background&quot;:&quot;classic&quot;,&quot;animation&quot;:&quot;fadeInDown&quot;}\">\n\t\t\t\t\t\t\t<div class=\"elementor-background-overlay\"><\/div>\n\t\t\t\t\t\t\t<div class=\"elementor-container elementor-column-gap-default\">\n\t\t\t\t\t<div class=\"elementor-column elementor-col-100 elementor-top-column elementor-element elementor-element-023a478 animated-slow elementor-invisible\" data-id=\"023a478\" data-element_type=\"column\" data-settings=\"{&quot;animation&quot;:&quot;fadeIn&quot;,&quot;animation_delay&quot;:300}\">\n\t\t\t<div class=\"elementor-widget-wrap elementor-element-populated\">\n\t\t\t\t\t\t<div class=\"elementor-element elementor-element-5279960 elementor-widget elementor-widget-heading\" data-id=\"5279960\" data-element_type=\"widget\" data-widget_type=\"heading.default\">\n\t\t\t\t<div class=\"elementor-widget-container\">\n\t\t\t<h2 class=\"elementor-heading-title elementor-size-default\">ZARZ\u0104DZANIE<\/h2>\t\t<\/div>\n\t\t\t\t<\/div>\n\t\t\t\t<div class=\"elementor-element elementor-element-c171a3c elementor-widget elementor-widget-heading\" data-id=\"c171a3c\" data-element_type=\"widget\" data-widget_type=\"heading.default\">\n\t\t\t\t<div class=\"elementor-widget-container\">\n\t\t\t<h2 class=\"elementor-heading-title elementor-size-default\">To proces wymagaj\u0105cy nieustannej uwagi. \u015awiadome zarz\u0105dzanie bezpiecze\u0144stwem pracy w organizacji jest jedn\u0105 ze sk\u0142adowych zysku i odpowiedzialnego prowadzenia biznesu.<\/h2>\t\t<\/div>\n\t\t\t\t<\/div>\n\t\t\t\t<div class=\"elementor-element elementor-element-98053a4 elementor-widget elementor-widget-heading\" data-id=\"98053a4\" data-element_type=\"widget\" data-widget_type=\"heading.default\">\n\t\t\t\t<div class=\"elementor-widget-container\">\n\t\t\t<h2 class=\"elementor-heading-title elementor-size-default\">Zak\u0142ady przemys\u0142owe, zak\u0142ady produkcyjne, magazyny, serwisy samochod\u00f3w, place bud\u00f3w itd. to miejsca gdzie nasz zesp\u00f3\u0142 codziennie stara si\u0119 sprosta\u0107 problemom, jakie napotykaj\u0105 naszych klient\u00f3w z zakresu bezpiecze\u0144stwa pracy.<\/h2>\t\t<\/div>\n\t\t\t\t<\/div>\n\t\t\t\t<div class=\"elementor-element elementor-element-b2a86cd elementor-widget elementor-widget-heading\" data-id=\"b2a86cd\" data-element_type=\"widget\" data-widget_type=\"heading.default\">\n\t\t\t\t<div class=\"elementor-widget-container\">\n\t\t\t<h2 class=\"elementor-heading-title elementor-size-default\">Udzia\u0142 w najwi\u0119kszych projektach inwestycyjnych i remontowych oraz sta\u0142a wsp\u00f3\u0142praca ze s\u0142u\u017cbami BHP najwi\u0119kszych zak\u0142ad\u00f3w przemys\u0142owych w Polsce. Du\u017ca baza naszych sta\u0142ych klient\u00f3w pozwala na wdra\u017canie sprawdzonych proces\u00f3w, kt\u00f3re wcze\u015bniej by\u0142y ju\u017c wprowadzane w innych organizacjach i przynios\u0142y oczekiwany rezultat.<\/h2>\t\t<\/div>\n\t\t\t\t<\/div>\n\t\t\t\t\t<\/div>\n\t\t<\/div>\n\t\t\t\t\t<\/div>\n\t\t<\/section>\n\t\t\t\t<\/div>\n\t\t","protected":false},"excerpt":{"rendered":"<p>ZARZ\u0104DZANIE To proces wymagaj\u0105cy nieustannej uwagi. \u015awiadome zarz\u0105dzanie bezpiecze\u0144stwem pracy w organizacji jest jedn\u0105 ze sk\u0142adowych zysku i odpowiedzialnego prowadzenia biznesu. Zak\u0142ady przemys\u0142owe, zak\u0142ady produkcyjne, magazyny, serwisy samochod\u00f3w, place bud\u00f3w itd. to miejsca gdzie nasz zesp\u00f3\u0142 codziennie stara si\u0119 sprosta\u0107 problemom, jakie napotykaj\u0105 naszych klient\u00f3w z zakresu bezpiecze\u0144stwa pracy. Udzia\u0142 w najwi\u0119kszych projektach inwestycyjnych i &hellip;<\/p>\n<p class=\"read-more\"> <a class=\"\" href=\"https:\/\/bakowscybhp.pl\/?page_id=37\"> <span class=\"screen-reader-text\">ZARZ\u0104DZANIE BHP<\/span> Read More &raquo;<\/a><\/p>\n","protected":false},"author":1,"featured_media":0,"parent":0,"menu_order":0,"comment_status":"closed","ping_status":"closed","template":"","meta":{"site-sidebar-layout":"no-sidebar","site-content-layout":"page-builder","ast-site-content-layout":"","site-content-style":"default","site-sidebar-style":"default","ast-global-header-display":"","ast-banner-title-visibility":"","ast-main-header-display":"","ast-hfb-above-header-display":"","ast-hfb-below-header-display":"","ast-hfb-mobile-header-display":"","site-post-title":"disabled","ast-breadcrumbs-content":"","ast-featured-img":"disabled","footer-sml-layout":"","theme-transparent-header-meta":"default","adv-header-id-meta":"","stick-header-meta":"","header-above-stick-meta":"","header-main-stick-meta":"","header-below-stick-meta":"","astra-migrate-meta-layouts":"","footnotes":""},"aioseo_notices":[],"_links":{"self":[{"href":"https:\/\/bakowscybhp.pl\/index.php?rest_route=\/wp\/v2\/pages\/37"}],"collection":[{"href":"https:\/\/bakowscybhp.pl\/index.php?rest_route=\/wp\/v2\/pages"}],"about":[{"href":"https:\/\/bakowscybhp.pl\/index.php?rest_route=\/wp\/v2\/types\/page"}],"author":[{"embeddable":true,"href":"https:\/\/bakowscybhp.pl\/index.php?rest_route=\/wp\/v2\/users\/1"}],"replies":[{"embeddable":true,"href":"https:\/\/bakowscybhp.pl\/index.php?rest_route=%2Fwp%2Fv2%2Fcomments&post=37"}],"version-history":[{"count":11,"href":"https:\/\/bakowscybhp.pl\/index.php?rest_route=\/wp\/v2\/pages\/37\/revisions"}],"predecessor-version":[{"id":477,"href":"https:\/\/bakowscybhp.pl\/index.php?rest_route=\/wp\/v2\/pages\/37\/revisions\/477"}],"wp:attachment":[{"href":"https:\/\/bakowscybhp.pl\/index.php?rest_route=%2Fwp%2Fv2%2Fmedia&parent=37"}],"curies":[{"name":"wp","href":"https:\/\/api.w.org\/{rel}","templated":true}]}}