{"id":41,"date":"2019-01-05T12:39:49","date_gmt":"2019-01-05T12:39:49","guid":{"rendered":"http:\/\/bakowscybhp.pl\/?page_id=41"},"modified":"2019-11-27T21:08:33","modified_gmt":"2019-11-27T21:08:33","slug":"instrukcje-bezpieczenstwa-pozarowego","status":"publish","type":"page","link":"https:\/\/bakowscybhp.pl\/?page_id=41","title":{"rendered":"INSTRUKCJE BEZPIECZE\u0143STWA PO\u017bAROWEGO"},"content":{"rendered":"\t\t<div data-elementor-type=\"wp-post\" data-elementor-id=\"41\" class=\"elementor elementor-41\">\n\t\t\t\t\t\t<section class=\"elementor-section elementor-top-section elementor-element elementor-element-47eced7 elementor-section-full_width elementor-section-height-full elementor-section-height-default elementor-section-items-middle elementor-invisible\" data-id=\"47eced7\" data-element_type=\"section\" data-settings=\"{&quot;background_background&quot;:&quot;classic&quot;,&quot;animation&quot;:&quot;fadeInDown&quot;}\">\n\t\t\t\t\t\t<div class=\"elementor-container elementor-column-gap-default\">\n\t\t\t\t\t<div class=\"elementor-column elementor-col-100 elementor-top-column elementor-element elementor-element-21e3d4b\" data-id=\"21e3d4b\" data-element_type=\"column\">\n\t\t\t<div class=\"elementor-widget-wrap elementor-element-populated\">\n\t\t\t\t\t\t<div class=\"elementor-element elementor-element-bbeaadf elementor-invisible elementor-widget elementor-widget-heading\" data-id=\"bbeaadf\" data-element_type=\"widget\" data-settings=\"{&quot;_animation&quot;:&quot;fadeInLeft&quot;,&quot;_animation_delay&quot;:300}\" data-widget_type=\"heading.default\">\n\t\t\t\t<div class=\"elementor-widget-container\">\n\t\t\t<h2 class=\"elementor-heading-title elementor-size-default\">W\u0142a\u015bciciele, zarz\u0105dcy lub u\u017cytkownicy obiekt\u00f3w b\u0105d\u017a ich cz\u0119\u015bci stanowi\u0105cych odr\u0119bne strefy po\u017carowe, przeznaczonych do wykonywania funkcji u\u017cyteczno\u015bci publicznej, zamieszkania zbiorowego, produkcyjnych, magazynowych oraz inwentarskich zapewniaj\u0105 i wdra\u017caj\u0105 instrukcj\u0119 bezpiecze\u0144stwa po\u017carowego.<br><br>Instrukcja nie jest wymagana, je\u017celi nie wyst\u0119puje strefa zagro\u017cenia wybuchem, <br>a ponadto :<br><br>- kubatura brutto budynku lub jego cz\u0119\u015bci stanowi\u0105cej odr\u0119bn\u0105 stref\u0119 po\u017carow\u0105 nie przekracza 1.000 m3<br>- kubatura brutto budynku inwentarskiego nie przekracza 1,500 m3<br>- powierzchnia strefy po\u017carowej obiektu innego ni\u017c budynek nie przekracza 1000 m2<\/h2>\t\t<\/div>\n\t\t\t\t<\/div>\n\t\t\t\t\t<\/div>\n\t\t<\/div>\n\t\t\t\t\t<\/div>\n\t\t<\/section>\n\t\t\t\t<\/div>\n\t\t","protected":false},"excerpt":{"rendered":"<p>W\u0142a\u015bciciele, zarz\u0105dcy lub u\u017cytkownicy obiekt\u00f3w b\u0105d\u017a ich cz\u0119\u015bci stanowi\u0105cych odr\u0119bne strefy po\u017carowe, przeznaczonych do wykonywania funkcji u\u017cyteczno\u015bci publicznej, zamieszkania zbiorowego, produkcyjnych, magazynowych oraz inwentarskich zapewniaj\u0105 i wdra\u017caj\u0105 instrukcj\u0119 bezpiecze\u0144stwa po\u017carowego. Instrukcja nie jest wymagana, je\u017celi nie wyst\u0119puje strefa zagro\u017cenia wybuchem, a ponadto : &#8211; kubatura brutto budynku lub jego cz\u0119\u015bci stanowi\u0105cej odr\u0119bn\u0105 stref\u0119 po\u017carow\u0105 nie &hellip;<\/p>\n<p class=\"read-more\"> <a class=\"\" href=\"https:\/\/bakowscybhp.pl\/?page_id=41\"> <span class=\"screen-reader-text\">INSTRUKCJE BEZPIECZE\u0143STWA PO\u017bAROWEGO<\/span> Read More &raquo;<\/a><\/p>\n","protected":false},"author":1,"featured_media":0,"parent":0,"menu_order":0,"comment_status":"closed","ping_status":"closed","template":"","meta":{"site-sidebar-layout":"no-sidebar","site-content-layout":"page-builder","ast-site-content-layout":"","site-content-style":"default","site-sidebar-style":"default","ast-global-header-display":"","ast-banner-title-visibility":"","ast-main-header-display":"","ast-hfb-above-header-display":"","ast-hfb-below-header-display":"","ast-hfb-mobile-header-display":"","site-post-title":"disabled","ast-breadcrumbs-content":"","ast-featured-img":"disabled","footer-sml-layout":"","theme-transparent-header-meta":"default","adv-header-id-meta":"","stick-header-meta":"","header-above-stick-meta":"","header-main-stick-meta":"","header-below-stick-meta":"","astra-migrate-meta-layouts":"","footnotes":""},"aioseo_notices":[],"_links":{"self":[{"href":"https:\/\/bakowscybhp.pl\/index.php?rest_route=\/wp\/v2\/pages\/41"}],"collection":[{"href":"https:\/\/bakowscybhp.pl\/index.php?rest_route=\/wp\/v2\/pages"}],"about":[{"href":"https:\/\/bakowscybhp.pl\/index.php?rest_route=\/wp\/v2\/types\/page"}],"author":[{"embeddable":true,"href":"https:\/\/bakowscybhp.pl\/index.php?rest_route=\/wp\/v2\/users\/1"}],"replies":[{"embeddable":true,"href":"https:\/\/bakowscybhp.pl\/index.php?rest_route=%2Fwp%2Fv2%2Fcomments&post=41"}],"version-history":[{"count":6,"href":"https:\/\/bakowscybhp.pl\/index.php?rest_route=\/wp\/v2\/pages\/41\/revisions"}],"predecessor-version":[{"id":469,"href":"https:\/\/bakowscybhp.pl\/index.php?rest_route=\/wp\/v2\/pages\/41\/revisions\/469"}],"wp:attachment":[{"href":"https:\/\/bakowscybhp.pl\/index.php?rest_route=%2Fwp%2Fv2%2Fmedia&parent=41"}],"curies":[{"name":"wp","href":"https:\/\/api.w.org\/{rel}","templated":true}]}}