{"id":671,"date":"2021-06-09T13:05:46","date_gmt":"2021-06-09T13:05:46","guid":{"rendered":"https:\/\/bakowscybhp.pl\/?page_id=671"},"modified":"2021-08-31T08:55:57","modified_gmt":"2021-08-31T08:55:57","slug":"motoryzacja","status":"publish","type":"page","link":"https:\/\/bakowscybhp.pl\/?page_id=671","title":{"rendered":"MOTORYZACJA"},"content":{"rendered":"\t\t<div data-elementor-type=\"wp-page\" data-elementor-id=\"671\" class=\"elementor elementor-671\">\n\t\t\t\t\t\t<section class=\"elementor-section elementor-top-section elementor-element elementor-element-5ce605f2 elementor-section-full_width elementor-section-height-default elementor-section-height-default\" data-id=\"5ce605f2\" data-element_type=\"section\">\n\t\t\t\t\t\t<div class=\"elementor-container elementor-column-gap-default\">\n\t\t\t\t\t<div class=\"elementor-column elementor-col-33 elementor-top-column elementor-element elementor-element-23b10ab2\" data-id=\"23b10ab2\" data-element_type=\"column\">\n\t\t\t<div class=\"elementor-widget-wrap elementor-element-populated\">\n\t\t\t\t\t\t<div class=\"elementor-element elementor-element-11641d8c elementor-widget elementor-widget-image\" data-id=\"11641d8c\" data-element_type=\"widget\" data-widget_type=\"image.default\">\n\t\t\t\t<div class=\"elementor-widget-container\">\n\t\t\t\t\t\t\t\t\t\t\t\t\t\t<a href=\"https:\/\/bakowscybhp.pl\/wp-content\/uploads\/2021\/06\/IMG_20201110_114208-scaled.jpg\" data-elementor-open-lightbox=\"yes\" data-elementor-lightbox-title=\"IMG_20201110_114208\" data-e-action-hash=\"#elementor-action%3Aaction%3Dlightbox%26settings%3DeyJpZCI6NzEwLCJ1cmwiOiJodHRwczpcL1wvYmFrb3dzY3liaHAucGxcL3dwLWNvbnRlbnRcL3VwbG9hZHNcLzIwMjFcLzA2XC9JTUdfMjAyMDExMTBfMTE0MjA4LXNjYWxlZC5qcGcifQ%3D%3D\">\n\t\t\t\t\t\t\t<img fetchpriority=\"high\" decoding=\"async\" width=\"1024\" height=\"768\" src=\"https:\/\/bakowscybhp.pl\/wp-content\/uploads\/2021\/06\/IMG_20201110_114208-1024x768.jpg\" class=\"attachment-large size-large wp-image-710\" alt=\"\" srcset=\"https:\/\/bakowscybhp.pl\/wp-content\/uploads\/2021\/06\/IMG_20201110_114208-1024x768.jpg 1024w, https:\/\/bakowscybhp.pl\/wp-content\/uploads\/2021\/06\/IMG_20201110_114208-300x225.jpg 300w, https:\/\/bakowscybhp.pl\/wp-content\/uploads\/2021\/06\/IMG_20201110_114208-768x576.jpg 768w, https:\/\/bakowscybhp.pl\/wp-content\/uploads\/2021\/06\/IMG_20201110_114208-1536x1152.jpg 1536w, https:\/\/bakowscybhp.pl\/wp-content\/uploads\/2021\/06\/IMG_20201110_114208-2048x1536.jpg 2048w\" sizes=\"(max-width: 1024px) 100vw, 1024px\" \/>\t\t\t\t\t\t\t\t<\/a>\n\t\t\t\t\t\t\t\t\t\t\t\t\t<\/div>\n\t\t\t\t<\/div>\n\t\t\t\t<div class=\"elementor-element elementor-element-7ee69a8e elementor-widget elementor-widget-image\" data-id=\"7ee69a8e\" data-element_type=\"widget\" data-widget_type=\"image.default\">\n\t\t\t\t<div class=\"elementor-widget-container\">\n\t\t\t\t\t\t\t\t\t\t\t\t\t\t<a href=\"https:\/\/bakowscybhp.pl\/wp-content\/uploads\/2021\/06\/IMG_20210525_145018-scaled.jpg\" data-elementor-open-lightbox=\"yes\" data-elementor-lightbox-title=\"IMG_20210525_145018\" data-e-action-hash=\"#elementor-action%3Aaction%3Dlightbox%26settings%3DeyJpZCI6NzE3LCJ1cmwiOiJodHRwczpcL1wvYmFrb3dzY3liaHAucGxcL3dwLWNvbnRlbnRcL3VwbG9hZHNcLzIwMjFcLzA2XC9JTUdfMjAyMTA1MjVfMTQ1MDE4LXNjYWxlZC5qcGcifQ%3D%3D\">\n\t\t\t\t\t\t\t<img decoding=\"async\" width=\"1024\" height=\"768\" src=\"https:\/\/bakowscybhp.pl\/wp-content\/uploads\/2021\/06\/IMG_20210525_145018-1024x768.jpg\" class=\"attachment-large size-large wp-image-717\" alt=\"\" srcset=\"https:\/\/bakowscybhp.pl\/wp-content\/uploads\/2021\/06\/IMG_20210525_145018-1024x768.jpg 1024w, https:\/\/bakowscybhp.pl\/wp-content\/uploads\/2021\/06\/IMG_20210525_145018-300x225.jpg 300w, https:\/\/bakowscybhp.pl\/wp-content\/uploads\/2021\/06\/IMG_20210525_145018-768x576.jpg 768w, https:\/\/bakowscybhp.pl\/wp-content\/uploads\/2021\/06\/IMG_20210525_145018-1536x1152.jpg 1536w, https:\/\/bakowscybhp.pl\/wp-content\/uploads\/2021\/06\/IMG_20210525_145018-2048x1536.jpg 2048w\" sizes=\"(max-width: 1024px) 100vw, 1024px\" \/>\t\t\t\t\t\t\t\t<\/a>\n\t\t\t\t\t\t\t\t\t\t\t\t\t<\/div>\n\t\t\t\t<\/div>\n\t\t\t\t<div class=\"elementor-element elementor-element-26ac601 elementor-widget elementor-widget-image\" data-id=\"26ac601\" data-element_type=\"widget\" data-widget_type=\"image.default\">\n\t\t\t\t<div class=\"elementor-widget-container\">\n\t\t\t\t\t\t\t\t\t\t\t\t\t\t<a href=\"https:\/\/bakowscybhp.pl\/wp-content\/uploads\/2021\/06\/20210528_111129-scaled.jpg\" data-elementor-open-lightbox=\"yes\" data-elementor-lightbox-title=\"Wroc\u0142aw, warszawa, Katowice, \u015bl\u0105sk: szkolenia bhp, us\u0142ugi bhp, obs\u0142uga BHP, nadz\u00f3r BHP, BHP, doradztwo BHP, s\u0142u\u017cba BHP, kontrole BHP, audyty BHP, ORZ, Instrukcje BHP, plan BIOZ, PPO\u017b, BHP praca, B\u0105kowscy, b\u0105kowski, B\u0105kowski Marek, specjalista ds. BHP, inspektor ds. BHP, stanowiska BHP, bezpiecze\u0144stwo w pracy\" data-elementor-lightbox-description=\"Wroc\u0142aw, warszawa, Katowice, \u015bl\u0105sk: szkolenia bhp, us\u0142ugi bhp, obs\u0142uga BHP, nadz\u00f3r BHP, BHP, doradztwo BHP, s\u0142u\u017cba BHP, kontrole BHP, audyty BHP, ORZ, Instrukcje BHP, plan BIOZ, PPO\u017b, BHP praca, B\u0105kowscy, b\u0105kowski, B\u0105kowski Marek, specjalista ds. BHP, inspektor ds. BHP, stanowiska BHP, bezpiecze\u0144stwo w pracy\" data-e-action-hash=\"#elementor-action%3Aaction%3Dlightbox%26settings%3DeyJpZCI6Nzg0LCJ1cmwiOiJodHRwczpcL1wvYmFrb3dzY3liaHAucGxcL3dwLWNvbnRlbnRcL3VwbG9hZHNcLzIwMjFcLzA2XC8yMDIxMDUyOF8xMTExMjktc2NhbGVkLmpwZyJ9\">\n\t\t\t\t\t\t\t<img decoding=\"async\" width=\"768\" height=\"1024\" src=\"https:\/\/bakowscybhp.pl\/wp-content\/uploads\/2021\/06\/20210528_111129-768x1024.jpg\" class=\"attachment-large size-large wp-image-784\" alt=\"\" srcset=\"https:\/\/bakowscybhp.pl\/wp-content\/uploads\/2021\/06\/20210528_111129-768x1024.jpg 768w, https:\/\/bakowscybhp.pl\/wp-content\/uploads\/2021\/06\/20210528_111129-225x300.jpg 225w, https:\/\/bakowscybhp.pl\/wp-content\/uploads\/2021\/06\/20210528_111129-1152x1536.jpg 1152w, https:\/\/bakowscybhp.pl\/wp-content\/uploads\/2021\/06\/20210528_111129-1536x2048.jpg 1536w, https:\/\/bakowscybhp.pl\/wp-content\/uploads\/2021\/06\/20210528_111129-scaled.jpg 1920w\" sizes=\"(max-width: 768px) 100vw, 768px\" \/>\t\t\t\t\t\t\t\t<\/a>\n\t\t\t\t\t\t\t\t\t\t\t\t\t<\/div>\n\t\t\t\t<\/div>\n\t\t\t\t<div class=\"elementor-element elementor-element-3d22f52 elementor-widget elementor-widget-image\" data-id=\"3d22f52\" data-element_type=\"widget\" data-widget_type=\"image.default\">\n\t\t\t\t<div class=\"elementor-widget-container\">\n\t\t\t\t\t\t\t\t\t\t\t\t\t\t<a href=\"https:\/\/bakowscybhp.pl\/wp-content\/uploads\/2021\/08\/koniczynka-auta.jpg\" data-elementor-open-lightbox=\"yes\" data-elementor-lightbox-title=\"koniczynka-auta\" data-e-action-hash=\"#elementor-action%3Aaction%3Dlightbox%26settings%3DeyJpZCI6ODk4LCJ1cmwiOiJodHRwczpcL1wvYmFrb3dzY3liaHAucGxcL3dwLWNvbnRlbnRcL3VwbG9hZHNcLzIwMjFcLzA4XC9rb25pY3p5bmthLWF1dGEuanBnIn0%3D\">\n\t\t\t\t\t\t\t<img loading=\"lazy\" decoding=\"async\" width=\"1024\" height=\"576\" src=\"https:\/\/bakowscybhp.pl\/wp-content\/uploads\/2021\/08\/koniczynka-auta-1024x576.jpg\" class=\"attachment-large size-large wp-image-898\" alt=\"\" srcset=\"https:\/\/bakowscybhp.pl\/wp-content\/uploads\/2021\/08\/koniczynka-auta-1024x576.jpg 1024w, https:\/\/bakowscybhp.pl\/wp-content\/uploads\/2021\/08\/koniczynka-auta-300x169.jpg 300w, https:\/\/bakowscybhp.pl\/wp-content\/uploads\/2021\/08\/koniczynka-auta-768x432.jpg 768w, https:\/\/bakowscybhp.pl\/wp-content\/uploads\/2021\/08\/koniczynka-auta-1536x864.jpg 1536w, https:\/\/bakowscybhp.pl\/wp-content\/uploads\/2021\/08\/koniczynka-auta.jpg 1920w\" sizes=\"(max-width: 1024px) 100vw, 1024px\" \/>\t\t\t\t\t\t\t\t<\/a>\n\t\t\t\t\t\t\t\t\t\t\t\t\t<\/div>\n\t\t\t\t<\/div>\n\t\t\t\t\t<\/div>\n\t\t<\/div>\n\t\t\t\t<div class=\"elementor-column elementor-col-33 elementor-top-column elementor-element elementor-element-1cad18a\" data-id=\"1cad18a\" data-element_type=\"column\">\n\t\t\t<div class=\"elementor-widget-wrap elementor-element-populated\">\n\t\t\t\t\t\t<div class=\"elementor-element elementor-element-43fed3cb elementor-widget elementor-widget-image\" data-id=\"43fed3cb\" data-element_type=\"widget\" data-widget_type=\"image.default\">\n\t\t\t\t<div class=\"elementor-widget-container\">\n\t\t\t\t\t\t\t\t\t\t\t\t\t\t<a href=\"https:\/\/bakowscybhp.pl\/wp-content\/uploads\/2021\/06\/1-scaled.jpg\" data-elementor-open-lightbox=\"yes\" data-elementor-lightbox-title=\"1\" data-e-action-hash=\"#elementor-action%3Aaction%3Dlightbox%26settings%3DeyJpZCI6NzExLCJ1cmwiOiJodHRwczpcL1wvYmFrb3dzY3liaHAucGxcL3dwLWNvbnRlbnRcL3VwbG9hZHNcLzIwMjFcLzA2XC8xLXNjYWxlZC5qcGcifQ%3D%3D\">\n\t\t\t\t\t\t\t<img loading=\"lazy\" decoding=\"async\" width=\"1024\" height=\"768\" src=\"https:\/\/bakowscybhp.pl\/wp-content\/uploads\/2021\/06\/1-1024x768.jpg\" class=\"attachment-large size-large wp-image-711\" alt=\"\" srcset=\"https:\/\/bakowscybhp.pl\/wp-content\/uploads\/2021\/06\/1-1024x768.jpg 1024w, https:\/\/bakowscybhp.pl\/wp-content\/uploads\/2021\/06\/1-300x225.jpg 300w, https:\/\/bakowscybhp.pl\/wp-content\/uploads\/2021\/06\/1-768x576.jpg 768w, https:\/\/bakowscybhp.pl\/wp-content\/uploads\/2021\/06\/1-1536x1152.jpg 1536w\" sizes=\"(max-width: 1024px) 100vw, 1024px\" \/>\t\t\t\t\t\t\t\t<\/a>\n\t\t\t\t\t\t\t\t\t\t\t\t\t<\/div>\n\t\t\t\t<\/div>\n\t\t\t\t<div class=\"elementor-element elementor-element-7102fd8 elementor-widget elementor-widget-image\" data-id=\"7102fd8\" data-element_type=\"widget\" data-widget_type=\"image.default\">\n\t\t\t\t<div class=\"elementor-widget-container\">\n\t\t\t\t\t\t\t\t\t\t\t\t\t\t<a href=\"https:\/\/bakowscybhp.pl\/wp-content\/uploads\/2021\/06\/IMG_20210608_102602-scaled.jpg\" data-elementor-open-lightbox=\"yes\" data-elementor-lightbox-title=\"IMG_20210608_102602\" data-e-action-hash=\"#elementor-action%3Aaction%3Dlightbox%26settings%3DeyJpZCI6NzQ0LCJ1cmwiOiJodHRwczpcL1wvYmFrb3dzY3liaHAucGxcL3dwLWNvbnRlbnRcL3VwbG9hZHNcLzIwMjFcLzA2XC9JTUdfMjAyMTA2MDhfMTAyNjAyLXNjYWxlZC5qcGcifQ%3D%3D\">\n\t\t\t\t\t\t\t<img loading=\"lazy\" decoding=\"async\" width=\"1024\" height=\"768\" src=\"https:\/\/bakowscybhp.pl\/wp-content\/uploads\/2021\/06\/IMG_20210608_102602-1024x768.jpg\" class=\"attachment-large size-large wp-image-744\" alt=\"\" srcset=\"https:\/\/bakowscybhp.pl\/wp-content\/uploads\/2021\/06\/IMG_20210608_102602-1024x768.jpg 1024w, https:\/\/bakowscybhp.pl\/wp-content\/uploads\/2021\/06\/IMG_20210608_102602-300x225.jpg 300w, https:\/\/bakowscybhp.pl\/wp-content\/uploads\/2021\/06\/IMG_20210608_102602-768x576.jpg 768w, https:\/\/bakowscybhp.pl\/wp-content\/uploads\/2021\/06\/IMG_20210608_102602-1536x1152.jpg 1536w, https:\/\/bakowscybhp.pl\/wp-content\/uploads\/2021\/06\/IMG_20210608_102602-2048x1536.jpg 2048w\" sizes=\"(max-width: 1024px) 100vw, 1024px\" \/>\t\t\t\t\t\t\t\t<\/a>\n\t\t\t\t\t\t\t\t\t\t\t\t\t<\/div>\n\t\t\t\t<\/div>\n\t\t\t\t<div class=\"elementor-element elementor-element-3e54570 elementor-widget elementor-widget-image\" data-id=\"3e54570\" data-element_type=\"widget\" data-widget_type=\"image.default\">\n\t\t\t\t<div class=\"elementor-widget-container\">\n\t\t\t\t\t\t\t\t\t\t\t\t\t\t<a href=\"https:\/\/bakowscybhp.pl\/wp-content\/uploads\/2021\/06\/20210528_111342-scaled.jpg\" data-elementor-open-lightbox=\"yes\" data-elementor-lightbox-title=\"Wroc\u0142aw, warszawa, Katowice, \u015bl\u0105sk: szkolenia bhp, us\u0142ugi bhp, obs\u0142uga BHP, nadz\u00f3r BHP, BHP, doradztwo BHP, s\u0142u\u017cba BHP, kontrole BHP, audyty BHP, ORZ, Instrukcje BHP, plan BIOZ, PPO\u017b, BHP praca, B\u0105kowscy, b\u0105kowski, B\u0105kowski Marek, specjalista ds. BHP, inspektor ds. BHP, stanowiska BHP, bezpiecze\u0144stwo w pracy\" data-elementor-lightbox-description=\"Wroc\u0142aw, warszawa, Katowice, \u015bl\u0105sk: szkolenia bhp, us\u0142ugi bhp, obs\u0142uga BHP, nadz\u00f3r BHP, BHP, doradztwo BHP, s\u0142u\u017cba BHP, kontrole BHP, audyty BHP, ORZ, Instrukcje BHP, plan BIOZ, PPO\u017b, BHP praca, B\u0105kowscy, b\u0105kowski, B\u0105kowski Marek, specjalista ds. BHP, inspektor ds. BHP, stanowiska BHP, bezpiecze\u0144stwo w pracy\" data-e-action-hash=\"#elementor-action%3Aaction%3Dlightbox%26settings%3DeyJpZCI6Nzg1LCJ1cmwiOiJodHRwczpcL1wvYmFrb3dzY3liaHAucGxcL3dwLWNvbnRlbnRcL3VwbG9hZHNcLzIwMjFcLzA2XC8yMDIxMDUyOF8xMTEzNDItc2NhbGVkLmpwZyJ9\">\n\t\t\t\t\t\t\t<img loading=\"lazy\" decoding=\"async\" width=\"768\" height=\"1024\" src=\"https:\/\/bakowscybhp.pl\/wp-content\/uploads\/2021\/06\/20210528_111342-768x1024.jpg\" class=\"attachment-large size-large wp-image-785\" alt=\"\" srcset=\"https:\/\/bakowscybhp.pl\/wp-content\/uploads\/2021\/06\/20210528_111342-768x1024.jpg 768w, https:\/\/bakowscybhp.pl\/wp-content\/uploads\/2021\/06\/20210528_111342-225x300.jpg 225w, https:\/\/bakowscybhp.pl\/wp-content\/uploads\/2021\/06\/20210528_111342-1152x1536.jpg 1152w, https:\/\/bakowscybhp.pl\/wp-content\/uploads\/2021\/06\/20210528_111342-1536x2048.jpg 1536w, https:\/\/bakowscybhp.pl\/wp-content\/uploads\/2021\/06\/20210528_111342-scaled.jpg 1920w\" sizes=\"(max-width: 768px) 100vw, 768px\" \/>\t\t\t\t\t\t\t\t<\/a>\n\t\t\t\t\t\t\t\t\t\t\t\t\t<\/div>\n\t\t\t\t<\/div>\n\t\t\t\t<div class=\"elementor-element elementor-element-0183072 elementor-widget elementor-widget-image\" data-id=\"0183072\" data-element_type=\"widget\" data-widget_type=\"image.default\">\n\t\t\t\t<div class=\"elementor-widget-container\">\n\t\t\t\t\t\t\t\t\t\t\t\t\t\t<a href=\"https:\/\/bakowscybhp.pl\/wp-content\/uploads\/2021\/08\/DSC_4296-scaled.jpg\" data-elementor-open-lightbox=\"yes\" data-elementor-lightbox-title=\"S\u0142u\u017cbowy samoch\u00f3d bia\u0142y opel corsa oklejony logiem firmy B\u0105kowscy - BHP Management, kt\u00f3ra zajmuj\u0119 si\u0119 us\u0142ugami BHP\" data-elementor-lightbox-description=\"S\u0142u\u017cbowy samoch\u00f3d bia\u0142y opel corsa oklejony logiem firmy B\u0105kowscy - BHP Management, kt\u00f3ra zajmuj\u0119 si\u0119 us\u0142ugami BHP\" data-e-action-hash=\"#elementor-action%3Aaction%3Dlightbox%26settings%3DeyJpZCI6OTAwLCJ1cmwiOiJodHRwczpcL1wvYmFrb3dzY3liaHAucGxcL3dwLWNvbnRlbnRcL3VwbG9hZHNcLzIwMjFcLzA4XC9EU0NfNDI5Ni1zY2FsZWQuanBnIn0%3D\">\n\t\t\t\t\t\t\t<img loading=\"lazy\" decoding=\"async\" width=\"1024\" height=\"576\" src=\"https:\/\/bakowscybhp.pl\/wp-content\/uploads\/2021\/08\/DSC_4296-1024x576.jpg\" class=\"attachment-large size-large wp-image-900\" alt=\"S\u0142u\u017cbowy samoch\u00f3d bia\u0142y opel corsa oklejony logiem firmy B\u0105kowscy - BHP Management, kt\u00f3ra zajmuj\u0119 si\u0119 us\u0142ugami BHP\" srcset=\"https:\/\/bakowscybhp.pl\/wp-content\/uploads\/2021\/08\/DSC_4296-1024x576.jpg 1024w, https:\/\/bakowscybhp.pl\/wp-content\/uploads\/2021\/08\/DSC_4296-300x169.jpg 300w, https:\/\/bakowscybhp.pl\/wp-content\/uploads\/2021\/08\/DSC_4296-768x432.jpg 768w, https:\/\/bakowscybhp.pl\/wp-content\/uploads\/2021\/08\/DSC_4296-1536x864.jpg 1536w, https:\/\/bakowscybhp.pl\/wp-content\/uploads\/2021\/08\/DSC_4296-2048x1152.jpg 2048w\" sizes=\"(max-width: 1024px) 100vw, 1024px\" \/>\t\t\t\t\t\t\t\t<\/a>\n\t\t\t\t\t\t\t\t\t\t\t\t\t<\/div>\n\t\t\t\t<\/div>\n\t\t\t\t\t<\/div>\n\t\t<\/div>\n\t\t\t\t<div class=\"elementor-column elementor-col-33 elementor-top-column elementor-element elementor-element-2508a30d\" data-id=\"2508a30d\" data-element_type=\"column\">\n\t\t\t<div class=\"elementor-widget-wrap elementor-element-populated\">\n\t\t\t\t\t\t<div class=\"elementor-element elementor-element-3a56d476 elementor-widget elementor-widget-image\" data-id=\"3a56d476\" data-element_type=\"widget\" data-widget_type=\"image.default\">\n\t\t\t\t<div class=\"elementor-widget-container\">\n\t\t\t\t\t\t\t\t\t\t\t\t\t\t<a href=\"https:\/\/bakowscybhp.pl\/wp-content\/uploads\/2021\/06\/MERCEDES-GRUPA-WROBEL-SIEDZIBA-WROCLAW-SZKOLENIA-KONTROLE-ITD2-scaled.jpg\" data-elementor-open-lightbox=\"yes\" data-elementor-lightbox-title=\"MERCEDES- GRUPA WR\u00d3BEL -SIEDZIBA WROC\u0141AW SZKOLENIA, KONTROLE ITD2\" data-e-action-hash=\"#elementor-action%3Aaction%3Dlightbox%26settings%3DeyJpZCI6NzE1LCJ1cmwiOiJodHRwczpcL1wvYmFrb3dzY3liaHAucGxcL3dwLWNvbnRlbnRcL3VwbG9hZHNcLzIwMjFcLzA2XC9NRVJDRURFUy1HUlVQQS1XUk9CRUwtU0lFRFpJQkEtV1JPQ0xBVy1TWktPTEVOSUEtS09OVFJPTEUtSVREMi1zY2FsZWQuanBnIn0%3D\">\n\t\t\t\t\t\t\t<img loading=\"lazy\" decoding=\"async\" width=\"1024\" height=\"681\" src=\"https:\/\/bakowscybhp.pl\/wp-content\/uploads\/2021\/06\/MERCEDES-GRUPA-WROBEL-SIEDZIBA-WROCLAW-SZKOLENIA-KONTROLE-ITD2-1024x681.jpg\" class=\"attachment-large size-large wp-image-715\" alt=\"\" srcset=\"https:\/\/bakowscybhp.pl\/wp-content\/uploads\/2021\/06\/MERCEDES-GRUPA-WROBEL-SIEDZIBA-WROCLAW-SZKOLENIA-KONTROLE-ITD2-1024x681.jpg 1024w, https:\/\/bakowscybhp.pl\/wp-content\/uploads\/2021\/06\/MERCEDES-GRUPA-WROBEL-SIEDZIBA-WROCLAW-SZKOLENIA-KONTROLE-ITD2-300x200.jpg 300w, https:\/\/bakowscybhp.pl\/wp-content\/uploads\/2021\/06\/MERCEDES-GRUPA-WROBEL-SIEDZIBA-WROCLAW-SZKOLENIA-KONTROLE-ITD2-768x511.jpg 768w, https:\/\/bakowscybhp.pl\/wp-content\/uploads\/2021\/06\/MERCEDES-GRUPA-WROBEL-SIEDZIBA-WROCLAW-SZKOLENIA-KONTROLE-ITD2-1536x1022.jpg 1536w, https:\/\/bakowscybhp.pl\/wp-content\/uploads\/2021\/06\/MERCEDES-GRUPA-WROBEL-SIEDZIBA-WROCLAW-SZKOLENIA-KONTROLE-ITD2-2048x1363.jpg 2048w\" sizes=\"(max-width: 1024px) 100vw, 1024px\" \/>\t\t\t\t\t\t\t\t<\/a>\n\t\t\t\t\t\t\t\t\t\t\t\t\t<\/div>\n\t\t\t\t<\/div>\n\t\t\t\t<div class=\"elementor-element elementor-element-f3b8559 elementor-widget elementor-widget-image\" data-id=\"f3b8559\" data-element_type=\"widget\" data-widget_type=\"image.default\">\n\t\t\t\t<div class=\"elementor-widget-container\">\n\t\t\t\t\t\t\t\t\t\t\t\t\t\t<a href=\"https:\/\/bakowscybhp.pl\/wp-content\/uploads\/2021\/06\/DSC_4334-scaled.jpg\" data-elementor-open-lightbox=\"yes\" data-elementor-lightbox-title=\"DSC_4334\" data-e-action-hash=\"#elementor-action%3Aaction%3Dlightbox%26settings%3DeyJpZCI6NzQzLCJ1cmwiOiJodHRwczpcL1wvYmFrb3dzY3liaHAucGxcL3dwLWNvbnRlbnRcL3VwbG9hZHNcLzIwMjFcLzA2XC9EU0NfNDMzNC1zY2FsZWQuanBnIn0%3D\">\n\t\t\t\t\t\t\t<img loading=\"lazy\" decoding=\"async\" width=\"1024\" height=\"576\" src=\"https:\/\/bakowscybhp.pl\/wp-content\/uploads\/2021\/06\/DSC_4334-1024x576.jpg\" class=\"attachment-large size-large wp-image-743\" alt=\"\" srcset=\"https:\/\/bakowscybhp.pl\/wp-content\/uploads\/2021\/06\/DSC_4334-1024x576.jpg 1024w, https:\/\/bakowscybhp.pl\/wp-content\/uploads\/2021\/06\/DSC_4334-300x169.jpg 300w, https:\/\/bakowscybhp.pl\/wp-content\/uploads\/2021\/06\/DSC_4334-768x432.jpg 768w, https:\/\/bakowscybhp.pl\/wp-content\/uploads\/2021\/06\/DSC_4334-1536x864.jpg 1536w, https:\/\/bakowscybhp.pl\/wp-content\/uploads\/2021\/06\/DSC_4334-2048x1152.jpg 2048w\" sizes=\"(max-width: 1024px) 100vw, 1024px\" \/>\t\t\t\t\t\t\t\t<\/a>\n\t\t\t\t\t\t\t\t\t\t\t\t\t<\/div>\n\t\t\t\t<\/div>\n\t\t\t\t<div class=\"elementor-element elementor-element-ef82250 elementor-widget elementor-widget-image\" data-id=\"ef82250\" data-element_type=\"widget\" data-widget_type=\"image.default\">\n\t\t\t\t<div class=\"elementor-widget-container\">\n\t\t\t\t\t\t\t\t\t\t\t\t\t\t<a href=\"https:\/\/bakowscybhp.pl\/wp-content\/uploads\/2021\/06\/IMG_20210608_161934-scaled.jpg\" data-elementor-open-lightbox=\"yes\" data-elementor-lightbox-title=\"Wroc\u0142aw, warszawa, Katowice, \u015bl\u0105sk: szkolenia bhp, us\u0142ugi bhp, obs\u0142uga BHP, nadz\u00f3r BHP, BHP, doradztwo BHP, s\u0142u\u017cba BHP, kontrole BHP, audyty BHP, ORZ, Instrukcje BHP, plan BIOZ, PPO\u017b, BHP praca, B\u0105kowscy, b\u0105kowski, B\u0105kowski Marek, specjalista ds. BHP, inspektor ds. BHP, stanowiska BHP, bezpiecze\u0144stwo w pracy\" data-elementor-lightbox-description=\"Wroc\u0142aw, warszawa, Katowice, \u015bl\u0105sk: szkolenia bhp, us\u0142ugi bhp, obs\u0142uga BHP, nadz\u00f3r BHP, BHP, doradztwo BHP, s\u0142u\u017cba BHP, kontrole BHP, audyty BHP, ORZ, Instrukcje BHP, plan BIOZ, PPO\u017b, BHP praca, B\u0105kowscy, b\u0105kowski, B\u0105kowski Marek, specjalista ds. BHP, inspektor ds. BHP, stanowiska BHP, bezpiecze\u0144stwo w pracy\" data-e-action-hash=\"#elementor-action%3Aaction%3Dlightbox%26settings%3DeyJpZCI6NzY4LCJ1cmwiOiJodHRwczpcL1wvYmFrb3dzY3liaHAucGxcL3dwLWNvbnRlbnRcL3VwbG9hZHNcLzIwMjFcLzA2XC9JTUdfMjAyMTA2MDhfMTYxOTM0LXNjYWxlZC5qcGcifQ%3D%3D\">\n\t\t\t\t\t\t\t<img loading=\"lazy\" decoding=\"async\" width=\"1024\" height=\"768\" src=\"https:\/\/bakowscybhp.pl\/wp-content\/uploads\/2021\/06\/IMG_20210608_161934-1024x768.jpg\" class=\"attachment-large size-large wp-image-768\" alt=\"\" srcset=\"https:\/\/bakowscybhp.pl\/wp-content\/uploads\/2021\/06\/IMG_20210608_161934-1024x768.jpg 1024w, https:\/\/bakowscybhp.pl\/wp-content\/uploads\/2021\/06\/IMG_20210608_161934-300x225.jpg 300w, https:\/\/bakowscybhp.pl\/wp-content\/uploads\/2021\/06\/IMG_20210608_161934-768x576.jpg 768w, https:\/\/bakowscybhp.pl\/wp-content\/uploads\/2021\/06\/IMG_20210608_161934-1536x1152.jpg 1536w, https:\/\/bakowscybhp.pl\/wp-content\/uploads\/2021\/06\/IMG_20210608_161934-2048x1536.jpg 2048w\" sizes=\"(max-width: 1024px) 100vw, 1024px\" \/>\t\t\t\t\t\t\t\t<\/a>\n\t\t\t\t\t\t\t\t\t\t\t\t\t<\/div>\n\t\t\t\t<\/div>\n\t\t\t\t<div class=\"elementor-element elementor-element-16b1048 elementor-widget elementor-widget-image\" data-id=\"16b1048\" data-element_type=\"widget\" data-widget_type=\"image.default\">\n\t\t\t\t<div class=\"elementor-widget-container\">\n\t\t\t\t\t\t\t\t\t\t\t\t\t\t<a href=\"https:\/\/bakowscybhp.pl\/wp-content\/uploads\/2021\/06\/20210528_111319-scaled.jpg\" data-elementor-open-lightbox=\"yes\" data-elementor-lightbox-title=\"20210528_111319\" data-elementor-lightbox-description=\"Wroc\u0142aw, warszawa, Katowice, \u015bl\u0105sk: szkolenia bhp, us\u0142ugi bhp, obs\u0142uga BHP, nadz\u00f3r BHP, BHP, doradztwo BHP, s\u0142u\u017cba BHP, kontrole BHP, audyty BHP, ORZ, Instrukcje BHP, plan BIOZ, PPO\u017b, BHP praca, B\u0105kowscy, b\u0105kowski, B\u0105kowski Marek, specjalista ds. BHP, inspektor ds. BHP, stanowiska BHP, bezpiecze\u0144stwo w pracy\" data-e-action-hash=\"#elementor-action%3Aaction%3Dlightbox%26settings%3DeyJpZCI6Nzg5LCJ1cmwiOiJodHRwczpcL1wvYmFrb3dzY3liaHAucGxcL3dwLWNvbnRlbnRcL3VwbG9hZHNcLzIwMjFcLzA2XC8yMDIxMDUyOF8xMTEzMTktc2NhbGVkLmpwZyJ9\">\n\t\t\t\t\t\t\t<img loading=\"lazy\" decoding=\"async\" width=\"768\" height=\"1024\" src=\"https:\/\/bakowscybhp.pl\/wp-content\/uploads\/2021\/06\/20210528_111319-768x1024.jpg\" class=\"attachment-large size-large wp-image-789\" alt=\"\" srcset=\"https:\/\/bakowscybhp.pl\/wp-content\/uploads\/2021\/06\/20210528_111319-768x1024.jpg 768w, https:\/\/bakowscybhp.pl\/wp-content\/uploads\/2021\/06\/20210528_111319-225x300.jpg 225w, https:\/\/bakowscybhp.pl\/wp-content\/uploads\/2021\/06\/20210528_111319-1152x1536.jpg 1152w, https:\/\/bakowscybhp.pl\/wp-content\/uploads\/2021\/06\/20210528_111319-1536x2048.jpg 1536w, https:\/\/bakowscybhp.pl\/wp-content\/uploads\/2021\/06\/20210528_111319-scaled.jpg 1920w\" sizes=\"(max-width: 768px) 100vw, 768px\" \/>\t\t\t\t\t\t\t\t<\/a>\n\t\t\t\t\t\t\t\t\t\t\t\t\t<\/div>\n\t\t\t\t<\/div>\n\t\t\t\t\t<\/div>\n\t\t<\/div>\n\t\t\t\t\t<\/div>\n\t\t<\/section>\n\t\t\t\t<section class=\"elementor-section elementor-top-section elementor-element elementor-element-1d0ec6a6 elementor-section-full_width elementor-section-height-default elementor-section-height-default\" data-id=\"1d0ec6a6\" data-element_type=\"section\">\n\t\t\t\t\t\t<div class=\"elementor-container elementor-column-gap-default\">\n\t\t\t\t\t<div class=\"elementor-column elementor-col-33 elementor-top-column elementor-element elementor-element-9cdced4\" data-id=\"9cdced4\" data-element_type=\"column\">\n\t\t\t<div class=\"elementor-widget-wrap\">\n\t\t\t\t\t\t\t<\/div>\n\t\t<\/div>\n\t\t\t\t<div class=\"elementor-column elementor-col-33 elementor-top-column elementor-element elementor-element-7a06aea0\" data-id=\"7a06aea0\" data-element_type=\"column\">\n\t\t\t<div class=\"elementor-widget-wrap\">\n\t\t\t\t\t\t\t<\/div>\n\t\t<\/div>\n\t\t\t\t<div class=\"elementor-column elementor-col-33 elementor-top-column elementor-element elementor-element-6d6aaa94\" data-id=\"6d6aaa94\" data-element_type=\"column\">\n\t\t\t<div class=\"elementor-widget-wrap\">\n\t\t\t\t\t\t\t<\/div>\n\t\t<\/div>\n\t\t\t\t\t<\/div>\n\t\t<\/section>\n\t\t\t\t<\/div>\n\t\t","protected":false},"excerpt":{"rendered":"","protected":false},"author":1,"featured_media":197,"parent":0,"menu_order":0,"comment_status":"closed","ping_status":"closed","template":"","meta":{"site-sidebar-layout":"no-sidebar","site-content-layout":"page-builder","ast-site-content-layout":"","site-content-style":"default","site-sidebar-style":"default","ast-global-header-display":"","ast-banner-title-visibility":"","ast-main-header-display":"","ast-hfb-above-header-display":"","ast-hfb-below-header-display":"","ast-hfb-mobile-header-display":"","site-post-title":"disabled","ast-breadcrumbs-content":"","ast-featured-img":"disabled","footer-sml-layout":"","theme-transparent-header-meta":"default","adv-header-id-meta":"","stick-header-meta":"","header-above-stick-meta":"","header-main-stick-meta":"","header-below-stick-meta":"","astra-migrate-meta-layouts":"","footnotes":""},"aioseo_notices":[],"_links":{"self":[{"href":"https:\/\/bakowscybhp.pl\/index.php?rest_route=\/wp\/v2\/pages\/671"}],"collection":[{"href":"https:\/\/bakowscybhp.pl\/index.php?rest_route=\/wp\/v2\/pages"}],"about":[{"href":"https:\/\/bakowscybhp.pl\/index.php?rest_route=\/wp\/v2\/types\/page"}],"author":[{"embeddable":true,"href":"https:\/\/bakowscybhp.pl\/index.php?rest_route=\/wp\/v2\/users\/1"}],"replies":[{"embeddable":true,"href":"https:\/\/bakowscybhp.pl\/index.php?rest_route=%2Fwp%2Fv2%2Fcomments&post=671"}],"version-history":[{"count":22,"href":"https:\/\/bakowscybhp.pl\/index.php?rest_route=\/wp\/v2\/pages\/671\/revisions"}],"predecessor-version":[{"id":903,"href":"https:\/\/bakowscybhp.pl\/index.php?rest_route=\/wp\/v2\/pages\/671\/revisions\/903"}],"wp:featuredmedia":[{"embeddable":true,"href":"https:\/\/bakowscybhp.pl\/index.php?rest_route=\/wp\/v2\/media\/197"}],"wp:attachment":[{"href":"https:\/\/bakowscybhp.pl\/index.php?rest_route=%2Fwp%2Fv2%2Fmedia&parent=671"}],"curies":[{"name":"wp","href":"https:\/\/api.w.org\/{rel}","templated":true}]}}