{"id":681,"date":"2021-06-09T13:07:52","date_gmt":"2021-06-09T13:07:52","guid":{"rendered":"https:\/\/bakowscybhp.pl\/?page_id=681"},"modified":"2021-08-31T08:31:58","modified_gmt":"2021-08-31T08:31:58","slug":"transport-miedzynarodowy","status":"publish","type":"page","link":"https:\/\/bakowscybhp.pl\/?page_id=681","title":{"rendered":"TRANSPORT MI\u0118DZYNARODOWY"},"content":{"rendered":"\t\t<div data-elementor-type=\"wp-page\" data-elementor-id=\"681\" class=\"elementor elementor-681\">\n\t\t\t\t\t\t<section class=\"elementor-section elementor-top-section elementor-element elementor-element-189015e6 elementor-section-full_width elementor-section-height-default elementor-section-height-default\" data-id=\"189015e6\" data-element_type=\"section\">\n\t\t\t\t\t\t<div class=\"elementor-container elementor-column-gap-default\">\n\t\t\t\t\t<div class=\"elementor-column elementor-col-33 elementor-top-column elementor-element elementor-element-354423b5\" data-id=\"354423b5\" data-element_type=\"column\">\n\t\t\t<div class=\"elementor-widget-wrap elementor-element-populated\">\n\t\t\t\t\t\t<div class=\"elementor-element elementor-element-4fbe72f8 elementor-widget elementor-widget-image\" data-id=\"4fbe72f8\" data-element_type=\"widget\" data-widget_type=\"image.default\">\n\t\t\t\t<div class=\"elementor-widget-container\">\n\t\t\t\t\t\t\t\t\t\t\t\t\t\t<a href=\"https:\/\/bakowscybhp.pl\/wp-content\/uploads\/2021\/06\/SPARTANK-PRZEWOZ-ADR-SLUZBA-BHP-scaled.jpg\" data-elementor-open-lightbox=\"yes\" data-elementor-lightbox-title=\"SPARTANK - PRZEW\u00d3Z ADR- S\u0141U\u017bBA BHP\" data-e-action-hash=\"#elementor-action%3Aaction%3Dlightbox%26settings%3DeyJpZCI6NzI2LCJ1cmwiOiJodHRwczpcL1wvYmFrb3dzY3liaHAucGxcL3dwLWNvbnRlbnRcL3VwbG9hZHNcLzIwMjFcLzA2XC9TUEFSVEFOSy1QUlpFV09aLUFEUi1TTFVaQkEtQkhQLXNjYWxlZC5qcGcifQ%3D%3D\">\n\t\t\t\t\t\t\t<img fetchpriority=\"high\" decoding=\"async\" width=\"1024\" height=\"576\" src=\"https:\/\/bakowscybhp.pl\/wp-content\/uploads\/2021\/06\/SPARTANK-PRZEWOZ-ADR-SLUZBA-BHP-1024x576.jpg\" class=\"attachment-large size-large wp-image-726\" alt=\"\" srcset=\"https:\/\/bakowscybhp.pl\/wp-content\/uploads\/2021\/06\/SPARTANK-PRZEWOZ-ADR-SLUZBA-BHP-1024x576.jpg 1024w, https:\/\/bakowscybhp.pl\/wp-content\/uploads\/2021\/06\/SPARTANK-PRZEWOZ-ADR-SLUZBA-BHP-300x169.jpg 300w, https:\/\/bakowscybhp.pl\/wp-content\/uploads\/2021\/06\/SPARTANK-PRZEWOZ-ADR-SLUZBA-BHP-768x432.jpg 768w, https:\/\/bakowscybhp.pl\/wp-content\/uploads\/2021\/06\/SPARTANK-PRZEWOZ-ADR-SLUZBA-BHP-1536x864.jpg 1536w, https:\/\/bakowscybhp.pl\/wp-content\/uploads\/2021\/06\/SPARTANK-PRZEWOZ-ADR-SLUZBA-BHP-2048x1152.jpg 2048w\" sizes=\"(max-width: 1024px) 100vw, 1024px\" \/>\t\t\t\t\t\t\t\t<\/a>\n\t\t\t\t\t\t\t\t\t\t\t\t\t<\/div>\n\t\t\t\t<\/div>\n\t\t\t\t\t<\/div>\n\t\t<\/div>\n\t\t\t\t<div class=\"elementor-column elementor-col-33 elementor-top-column elementor-element elementor-element-44a5d9ac\" data-id=\"44a5d9ac\" data-element_type=\"column\">\n\t\t\t<div class=\"elementor-widget-wrap elementor-element-populated\">\n\t\t\t\t\t\t<div class=\"elementor-element elementor-element-6c50e962 elementor-widget elementor-widget-image\" data-id=\"6c50e962\" data-element_type=\"widget\" data-widget_type=\"image.default\">\n\t\t\t\t<div class=\"elementor-widget-container\">\n\t\t\t\t\t\t\t\t\t\t\t\t\t\t<a href=\"https:\/\/bakowscybhp.pl\/wp-content\/uploads\/2021\/06\/DSC_4428-scaled.jpg\" data-elementor-open-lightbox=\"yes\" data-elementor-lightbox-title=\"DSC_4428\" data-e-action-hash=\"#elementor-action%3Aaction%3Dlightbox%26settings%3DeyJpZCI6NzI3LCJ1cmwiOiJodHRwczpcL1wvYmFrb3dzY3liaHAucGxcL3dwLWNvbnRlbnRcL3VwbG9hZHNcLzIwMjFcLzA2XC9EU0NfNDQyOC1zY2FsZWQuanBnIn0%3D\">\n\t\t\t\t\t\t\t<img decoding=\"async\" width=\"1024\" height=\"576\" src=\"https:\/\/bakowscybhp.pl\/wp-content\/uploads\/2021\/06\/DSC_4428-1024x576.jpg\" class=\"attachment-large size-large wp-image-727\" alt=\"\" srcset=\"https:\/\/bakowscybhp.pl\/wp-content\/uploads\/2021\/06\/DSC_4428-1024x576.jpg 1024w, https:\/\/bakowscybhp.pl\/wp-content\/uploads\/2021\/06\/DSC_4428-300x169.jpg 300w, https:\/\/bakowscybhp.pl\/wp-content\/uploads\/2021\/06\/DSC_4428-768x432.jpg 768w, https:\/\/bakowscybhp.pl\/wp-content\/uploads\/2021\/06\/DSC_4428-1536x864.jpg 1536w, https:\/\/bakowscybhp.pl\/wp-content\/uploads\/2021\/06\/DSC_4428-2048x1152.jpg 2048w\" sizes=\"(max-width: 1024px) 100vw, 1024px\" \/>\t\t\t\t\t\t\t\t<\/a>\n\t\t\t\t\t\t\t\t\t\t\t\t\t<\/div>\n\t\t\t\t<\/div>\n\t\t\t\t\t<\/div>\n\t\t<\/div>\n\t\t\t\t<div class=\"elementor-column elementor-col-33 elementor-top-column elementor-element elementor-element-66baa609\" data-id=\"66baa609\" data-element_type=\"column\">\n\t\t\t<div class=\"elementor-widget-wrap elementor-element-populated\">\n\t\t\t\t\t\t<div class=\"elementor-element elementor-element-773dcbac elementor-widget elementor-widget-image\" data-id=\"773dcbac\" data-element_type=\"widget\" data-widget_type=\"image.default\">\n\t\t\t\t<div class=\"elementor-widget-container\">\n\t\t\t\t\t\t\t\t\t\t\t\t\t\t<a href=\"https:\/\/bakowscybhp.pl\/wp-content\/uploads\/2021\/06\/DSC_4517-scaled.jpg\" data-elementor-open-lightbox=\"yes\" data-elementor-lightbox-title=\"DSC_4517\" data-e-action-hash=\"#elementor-action%3Aaction%3Dlightbox%26settings%3DeyJpZCI6NzI4LCJ1cmwiOiJodHRwczpcL1wvYmFrb3dzY3liaHAucGxcL3dwLWNvbnRlbnRcL3VwbG9hZHNcLzIwMjFcLzA2XC9EU0NfNDUxNy1zY2FsZWQuanBnIn0%3D\">\n\t\t\t\t\t\t\t<img decoding=\"async\" width=\"1024\" height=\"576\" src=\"https:\/\/bakowscybhp.pl\/wp-content\/uploads\/2021\/06\/DSC_4517-1024x576.jpg\" class=\"attachment-large size-large wp-image-728\" alt=\"\" srcset=\"https:\/\/bakowscybhp.pl\/wp-content\/uploads\/2021\/06\/DSC_4517-1024x576.jpg 1024w, https:\/\/bakowscybhp.pl\/wp-content\/uploads\/2021\/06\/DSC_4517-300x169.jpg 300w, https:\/\/bakowscybhp.pl\/wp-content\/uploads\/2021\/06\/DSC_4517-768x432.jpg 768w, https:\/\/bakowscybhp.pl\/wp-content\/uploads\/2021\/06\/DSC_4517-1536x864.jpg 1536w, https:\/\/bakowscybhp.pl\/wp-content\/uploads\/2021\/06\/DSC_4517-2048x1152.jpg 2048w\" sizes=\"(max-width: 1024px) 100vw, 1024px\" \/>\t\t\t\t\t\t\t\t<\/a>\n\t\t\t\t\t\t\t\t\t\t\t\t\t<\/div>\n\t\t\t\t<\/div>\n\t\t\t\t\t<\/div>\n\t\t<\/div>\n\t\t\t\t\t<\/div>\n\t\t<\/section>\n\t\t\t\t<section class=\"elementor-section elementor-top-section elementor-element elementor-element-13504f9c elementor-section-full_width elementor-section-height-default elementor-section-height-default\" data-id=\"13504f9c\" data-element_type=\"section\">\n\t\t\t\t\t\t<div class=\"elementor-container elementor-column-gap-default\">\n\t\t\t\t\t<div class=\"elementor-column elementor-col-33 elementor-top-column elementor-element elementor-element-7a8b0300\" data-id=\"7a8b0300\" data-element_type=\"column\">\n\t\t\t<div class=\"elementor-widget-wrap elementor-element-populated\">\n\t\t\t\t\t\t<div class=\"elementor-element elementor-element-1561910d elementor-widget elementor-widget-image\" data-id=\"1561910d\" data-element_type=\"widget\" data-widget_type=\"image.default\">\n\t\t\t\t<div class=\"elementor-widget-container\">\n\t\t\t\t\t\t\t\t\t\t\t\t\t\t<a href=\"https:\/\/bakowscybhp.pl\/wp-content\/uploads\/2019\/02\/few-1.jpg\" data-elementor-open-lightbox=\"yes\" data-elementor-lightbox-title=\"few\" data-e-action-hash=\"#elementor-action%3Aaction%3Dlightbox%26settings%3DeyJpZCI6MTg1LCJ1cmwiOiJodHRwczpcL1wvYmFrb3dzY3liaHAucGxcL3dwLWNvbnRlbnRcL3VwbG9hZHNcLzIwMTlcLzAyXC9mZXctMS5qcGcifQ%3D%3D\">\n\t\t\t\t\t\t\t<img loading=\"lazy\" decoding=\"async\" width=\"852\" height=\"1024\" src=\"https:\/\/bakowscybhp.pl\/wp-content\/uploads\/2019\/02\/few-1-852x1024.jpg\" class=\"attachment-large size-large wp-image-185\" alt=\"\" srcset=\"https:\/\/bakowscybhp.pl\/wp-content\/uploads\/2019\/02\/few-1-852x1024.jpg 852w, https:\/\/bakowscybhp.pl\/wp-content\/uploads\/2019\/02\/few-1-250x300.jpg 250w, https:\/\/bakowscybhp.pl\/wp-content\/uploads\/2019\/02\/few-1-768x923.jpg 768w\" sizes=\"(max-width: 852px) 100vw, 852px\" \/>\t\t\t\t\t\t\t\t<\/a>\n\t\t\t\t\t\t\t\t\t\t\t\t\t<\/div>\n\t\t\t\t<\/div>\n\t\t\t\t<div class=\"elementor-element elementor-element-12a3bf6 elementor-widget elementor-widget-image\" data-id=\"12a3bf6\" data-element_type=\"widget\" data-widget_type=\"image.default\">\n\t\t\t\t<div class=\"elementor-widget-container\">\n\t\t\t\t\t\t\t\t\t\t\t\t\t\t<a href=\"https:\/\/bakowscybhp.pl\/wp-content\/uploads\/2021\/06\/spartank2-scaled.jpg\" data-elementor-open-lightbox=\"yes\" data-elementor-lightbox-title=\"spartank\" data-elementor-lightbox-description=\"Wroc\u0142aw, warszawa, Katowice, \u015bl\u0105sk: szkolenia bhp, us\u0142ugi bhp, obs\u0142uga BHP, nadz\u00f3r BHP, BHP, doradztwo BHP, s\u0142u\u017cba BHP, kontrole BHP, audyty BHP, ORZ, Instrukcje BHP, plan BIOZ, PPO\u017b, BHP praca, B\u0105kowscy, b\u0105kowski, B\u0105kowski Marek, specjalista ds. BHP, inspektor ds. BHP, stanowiska BHP, bezpiecze\u0144stwo w pracy\" data-e-action-hash=\"#elementor-action%3Aaction%3Dlightbox%26settings%3DeyJpZCI6ODY0LCJ1cmwiOiJodHRwczpcL1wvYmFrb3dzY3liaHAucGxcL3dwLWNvbnRlbnRcL3VwbG9hZHNcLzIwMjFcLzA2XC9zcGFydGFuazItc2NhbGVkLmpwZyJ9\">\n\t\t\t\t\t\t\t<img loading=\"lazy\" decoding=\"async\" width=\"1024\" height=\"886\" src=\"https:\/\/bakowscybhp.pl\/wp-content\/uploads\/2021\/06\/spartank2-1024x886.jpg\" class=\"attachment-large size-large wp-image-864\" alt=\"\" srcset=\"https:\/\/bakowscybhp.pl\/wp-content\/uploads\/2021\/06\/spartank2-1024x886.jpg 1024w, https:\/\/bakowscybhp.pl\/wp-content\/uploads\/2021\/06\/spartank2-300x260.jpg 300w, https:\/\/bakowscybhp.pl\/wp-content\/uploads\/2021\/06\/spartank2-768x665.jpg 768w, https:\/\/bakowscybhp.pl\/wp-content\/uploads\/2021\/06\/spartank2-1536x1330.jpg 1536w, https:\/\/bakowscybhp.pl\/wp-content\/uploads\/2021\/06\/spartank2-2048x1773.jpg 2048w\" sizes=\"(max-width: 1024px) 100vw, 1024px\" \/>\t\t\t\t\t\t\t\t<\/a>\n\t\t\t\t\t\t\t\t\t\t\t\t\t<\/div>\n\t\t\t\t<\/div>\n\t\t\t\t<div class=\"elementor-element elementor-element-1ebc0bd elementor-widget elementor-widget-image\" data-id=\"1ebc0bd\" data-element_type=\"widget\" data-widget_type=\"image.default\">\n\t\t\t\t<div class=\"elementor-widget-container\">\n\t\t\t\t\t\t\t\t\t\t\t\t\t\t<a href=\"https:\/\/bakowscybhp.pl\/wp-content\/uploads\/2021\/08\/egfb.jpg\" data-elementor-open-lightbox=\"yes\" data-elementor-lightbox-title=\"Europe Group\" data-e-action-hash=\"#elementor-action%3Aaction%3Dlightbox%26settings%3DeyJpZCI6ODkzLCJ1cmwiOiJodHRwczpcL1wvYmFrb3dzY3liaHAucGxcL3dwLWNvbnRlbnRcL3VwbG9hZHNcLzIwMjFcLzA4XC9lZ2ZiLmpwZyJ9\">\n\t\t\t\t\t\t\t<img loading=\"lazy\" decoding=\"async\" width=\"1024\" height=\"576\" src=\"https:\/\/bakowscybhp.pl\/wp-content\/uploads\/2021\/08\/egfb-1024x576.jpg\" class=\"attachment-large size-large wp-image-893\" alt=\"\" srcset=\"https:\/\/bakowscybhp.pl\/wp-content\/uploads\/2021\/08\/egfb-1024x576.jpg 1024w, https:\/\/bakowscybhp.pl\/wp-content\/uploads\/2021\/08\/egfb-300x169.jpg 300w, https:\/\/bakowscybhp.pl\/wp-content\/uploads\/2021\/08\/egfb-768x432.jpg 768w, https:\/\/bakowscybhp.pl\/wp-content\/uploads\/2021\/08\/egfb-1536x864.jpg 1536w, https:\/\/bakowscybhp.pl\/wp-content\/uploads\/2021\/08\/egfb.jpg 1920w\" sizes=\"(max-width: 1024px) 100vw, 1024px\" \/>\t\t\t\t\t\t\t\t<\/a>\n\t\t\t\t\t\t\t\t\t\t\t\t\t<\/div>\n\t\t\t\t<\/div>\n\t\t\t\t\t<\/div>\n\t\t<\/div>\n\t\t\t\t<div class=\"elementor-column elementor-col-33 elementor-top-column elementor-element elementor-element-7d675564\" data-id=\"7d675564\" data-element_type=\"column\">\n\t\t\t<div class=\"elementor-widget-wrap elementor-element-populated\">\n\t\t\t\t\t\t<div class=\"elementor-element elementor-element-1831d7d elementor-widget elementor-widget-image\" data-id=\"1831d7d\" data-element_type=\"widget\" data-widget_type=\"image.default\">\n\t\t\t\t<div class=\"elementor-widget-container\">\n\t\t\t\t\t\t\t\t\t\t\t\t\t\t<a href=\"https:\/\/bakowscybhp.pl\/wp-content\/uploads\/2021\/06\/biurowiec-portiernia-magazyn-scaled.jpg\" data-elementor-open-lightbox=\"yes\" data-elementor-lightbox-title=\"biurowiec, portiernia, magazyn\" data-elementor-lightbox-description=\"Wroc\u0142aw, warszawa, Katowice, \u015bl\u0105sk: szkolenia bhp, us\u0142ugi bhp, obs\u0142uga BHP, nadz\u00f3r BHP, BHP, doradztwo BHP, s\u0142u\u017cba BHP, kontrole BHP, audyty BHP, ORZ, Instrukcje BHP, plan BIOZ, PPO\u017b, BHP praca, B\u0105kowscy, b\u0105kowski, B\u0105kowski Marek, specjalista ds. BHP, inspektor ds. BHP, stanowiska BHP, bezpiecze\u0144stwo w pracy\" data-e-action-hash=\"#elementor-action%3Aaction%3Dlightbox%26settings%3DeyJpZCI6NzcyLCJ1cmwiOiJodHRwczpcL1wvYmFrb3dzY3liaHAucGxcL3dwLWNvbnRlbnRcL3VwbG9hZHNcLzIwMjFcLzA2XC9iaXVyb3dpZWMtcG9ydGllcm5pYS1tYWdhenluLXNjYWxlZC5qcGcifQ%3D%3D\">\n\t\t\t\t\t\t\t<img loading=\"lazy\" decoding=\"async\" width=\"1024\" height=\"768\" src=\"https:\/\/bakowscybhp.pl\/wp-content\/uploads\/2021\/06\/biurowiec-portiernia-magazyn-1024x768.jpg\" class=\"attachment-large size-large wp-image-772\" alt=\"\" srcset=\"https:\/\/bakowscybhp.pl\/wp-content\/uploads\/2021\/06\/biurowiec-portiernia-magazyn-1024x768.jpg 1024w, https:\/\/bakowscybhp.pl\/wp-content\/uploads\/2021\/06\/biurowiec-portiernia-magazyn-300x225.jpg 300w, https:\/\/bakowscybhp.pl\/wp-content\/uploads\/2021\/06\/biurowiec-portiernia-magazyn-768x576.jpg 768w, https:\/\/bakowscybhp.pl\/wp-content\/uploads\/2021\/06\/biurowiec-portiernia-magazyn-1536x1152.jpg 1536w, https:\/\/bakowscybhp.pl\/wp-content\/uploads\/2021\/06\/biurowiec-portiernia-magazyn-2048x1536.jpg 2048w\" sizes=\"(max-width: 1024px) 100vw, 1024px\" \/>\t\t\t\t\t\t\t\t<\/a>\n\t\t\t\t\t\t\t\t\t\t\t\t\t<\/div>\n\t\t\t\t<\/div>\n\t\t\t\t<div class=\"elementor-element elementor-element-2077dd0 elementor-widget elementor-widget-image\" data-id=\"2077dd0\" data-element_type=\"widget\" data-widget_type=\"image.default\">\n\t\t\t\t<div class=\"elementor-widget-container\">\n\t\t\t\t\t\t\t\t\t\t\t\t\t\t<a href=\"https:\/\/bakowscybhp.pl\/wp-content\/uploads\/2021\/06\/20210528_111441-scaled.jpg\" data-elementor-open-lightbox=\"yes\" data-elementor-lightbox-title=\"Wroc\u0142aw, warszawa, Katowice, \u015bl\u0105sk: szkolenia bhp, us\u0142ugi bhp, obs\u0142uga BHP, nadz\u00f3r BHP, BHP, doradztwo BHP, s\u0142u\u017cba BHP, kontrole BHP, audyty BHP, ORZ, Instrukcje BHP, plan BIOZ, PPO\u017b, BHP praca, B\u0105kowscy, b\u0105kowski, B\u0105kowski Marek, specjalista ds. BHP, inspektor ds. BHP, stanowiska BHP, bezpiecze\u0144stwo w pracy\" data-elementor-lightbox-description=\"Wroc\u0142aw, warszawa, Katowice, \u015bl\u0105sk: szkolenia bhp, us\u0142ugi bhp, obs\u0142uga BHP, nadz\u00f3r BHP, BHP, doradztwo BHP, s\u0142u\u017cba BHP, kontrole BHP, audyty BHP, ORZ, Instrukcje BHP, plan BIOZ, PPO\u017b, BHP praca, B\u0105kowscy, b\u0105kowski, B\u0105kowski Marek, specjalista ds. BHP, inspektor ds. BHP, stanowiska BHP, bezpiecze\u0144stwo w pracy\" data-e-action-hash=\"#elementor-action%3Aaction%3Dlightbox%26settings%3DeyJpZCI6NzkzLCJ1cmwiOiJodHRwczpcL1wvYmFrb3dzY3liaHAucGxcL3dwLWNvbnRlbnRcL3VwbG9hZHNcLzIwMjFcLzA2XC8yMDIxMDUyOF8xMTE0NDEtc2NhbGVkLmpwZyJ9\">\n\t\t\t\t\t\t\t<img loading=\"lazy\" decoding=\"async\" width=\"768\" height=\"1024\" src=\"https:\/\/bakowscybhp.pl\/wp-content\/uploads\/2021\/06\/20210528_111441-768x1024.jpg\" class=\"attachment-large size-large wp-image-793\" alt=\"\" srcset=\"https:\/\/bakowscybhp.pl\/wp-content\/uploads\/2021\/06\/20210528_111441-768x1024.jpg 768w, https:\/\/bakowscybhp.pl\/wp-content\/uploads\/2021\/06\/20210528_111441-225x300.jpg 225w, https:\/\/bakowscybhp.pl\/wp-content\/uploads\/2021\/06\/20210528_111441-1152x1536.jpg 1152w, https:\/\/bakowscybhp.pl\/wp-content\/uploads\/2021\/06\/20210528_111441-1536x2048.jpg 1536w, https:\/\/bakowscybhp.pl\/wp-content\/uploads\/2021\/06\/20210528_111441-scaled.jpg 1920w\" sizes=\"(max-width: 768px) 100vw, 768px\" \/>\t\t\t\t\t\t\t\t<\/a>\n\t\t\t\t\t\t\t\t\t\t\t\t\t<\/div>\n\t\t\t\t<\/div>\n\t\t\t\t<div class=\"elementor-element elementor-element-68f4958 elementor-widget elementor-widget-image\" data-id=\"68f4958\" data-element_type=\"widget\" data-widget_type=\"image.default\">\n\t\t\t\t<div class=\"elementor-widget-container\">\n\t\t\t\t\t\t\t\t\t\t\t\t\t\t<a href=\"https:\/\/bakowscybhp.pl\/wp-content\/uploads\/2021\/08\/europe-Group-3-scaled.jpg\" data-elementor-open-lightbox=\"yes\" data-elementor-lightbox-title=\"europe Group 3\" data-e-action-hash=\"#elementor-action%3Aaction%3Dlightbox%26settings%3DeyJpZCI6ODk0LCJ1cmwiOiJodHRwczpcL1wvYmFrb3dzY3liaHAucGxcL3dwLWNvbnRlbnRcL3VwbG9hZHNcLzIwMjFcLzA4XC9ldXJvcGUtR3JvdXAtMy1zY2FsZWQuanBnIn0%3D\">\n\t\t\t\t\t\t\t<img loading=\"lazy\" decoding=\"async\" width=\"1024\" height=\"576\" src=\"https:\/\/bakowscybhp.pl\/wp-content\/uploads\/2021\/08\/europe-Group-3-1024x576.jpg\" class=\"attachment-large size-large wp-image-894\" alt=\"\" srcset=\"https:\/\/bakowscybhp.pl\/wp-content\/uploads\/2021\/08\/europe-Group-3-1024x576.jpg 1024w, https:\/\/bakowscybhp.pl\/wp-content\/uploads\/2021\/08\/europe-Group-3-300x169.jpg 300w, https:\/\/bakowscybhp.pl\/wp-content\/uploads\/2021\/08\/europe-Group-3-768x432.jpg 768w, https:\/\/bakowscybhp.pl\/wp-content\/uploads\/2021\/08\/europe-Group-3-1536x864.jpg 1536w, https:\/\/bakowscybhp.pl\/wp-content\/uploads\/2021\/08\/europe-Group-3-2048x1152.jpg 2048w\" sizes=\"(max-width: 1024px) 100vw, 1024px\" \/>\t\t\t\t\t\t\t\t<\/a>\n\t\t\t\t\t\t\t\t\t\t\t\t\t<\/div>\n\t\t\t\t<\/div>\n\t\t\t\t\t<\/div>\n\t\t<\/div>\n\t\t\t\t<div class=\"elementor-column elementor-col-33 elementor-top-column elementor-element elementor-element-5248045b\" data-id=\"5248045b\" data-element_type=\"column\">\n\t\t\t<div class=\"elementor-widget-wrap elementor-element-populated\">\n\t\t\t\t\t\t<div class=\"elementor-element elementor-element-78bcd1a elementor-widget elementor-widget-image\" data-id=\"78bcd1a\" data-element_type=\"widget\" data-widget_type=\"image.default\">\n\t\t\t\t<div class=\"elementor-widget-container\">\n\t\t\t\t\t\t\t\t\t\t\t\t\t\t<a href=\"https:\/\/bakowscybhp.pl\/wp-content\/uploads\/2021\/06\/europe-Group--scaled.jpg\" data-elementor-open-lightbox=\"yes\" data-elementor-lightbox-title=\"europe Group\" data-elementor-lightbox-description=\"Wroc\u0142aw, warszawa, Katowice, \u015bl\u0105sk: szkolenia bhp, us\u0142ugi bhp, obs\u0142uga BHP, nadz\u00f3r BHP, BHP, doradztwo BHP, s\u0142u\u017cba BHP, kontrole BHP, audyty BHP, ORZ, Instrukcje BHP, plan BIOZ, PPO\u017b, BHP praca, B\u0105kowscy, b\u0105kowski, B\u0105kowski Marek, specjalista ds. BHP, inspektor ds. BHP, stanowiska BHP, bezpiecze\u0144stwo w pracy\" data-e-action-hash=\"#elementor-action%3Aaction%3Dlightbox%26settings%3DeyJpZCI6ODA4LCJ1cmwiOiJodHRwczpcL1wvYmFrb3dzY3liaHAucGxcL3dwLWNvbnRlbnRcL3VwbG9hZHNcLzIwMjFcLzA2XC9ldXJvcGUtR3JvdXAtLXNjYWxlZC5qcGcifQ%3D%3D\">\n\t\t\t\t\t\t\t<img loading=\"lazy\" decoding=\"async\" width=\"1024\" height=\"576\" src=\"https:\/\/bakowscybhp.pl\/wp-content\/uploads\/2021\/06\/europe-Group--1024x576.jpg\" class=\"attachment-large size-large wp-image-808\" alt=\"\" srcset=\"https:\/\/bakowscybhp.pl\/wp-content\/uploads\/2021\/06\/europe-Group--1024x576.jpg 1024w, https:\/\/bakowscybhp.pl\/wp-content\/uploads\/2021\/06\/europe-Group--300x169.jpg 300w, https:\/\/bakowscybhp.pl\/wp-content\/uploads\/2021\/06\/europe-Group--768x432.jpg 768w, https:\/\/bakowscybhp.pl\/wp-content\/uploads\/2021\/06\/europe-Group--1536x864.jpg 1536w, https:\/\/bakowscybhp.pl\/wp-content\/uploads\/2021\/06\/europe-Group--2048x1152.jpg 2048w\" sizes=\"(max-width: 1024px) 100vw, 1024px\" \/>\t\t\t\t\t\t\t\t<\/a>\n\t\t\t\t\t\t\t\t\t\t\t\t\t<\/div>\n\t\t\t\t<\/div>\n\t\t\t\t<div class=\"elementor-element elementor-element-b170fde elementor-widget elementor-widget-image\" data-id=\"b170fde\" data-element_type=\"widget\" data-widget_type=\"image.default\">\n\t\t\t\t<div class=\"elementor-widget-container\">\n\t\t\t\t\t\t\t\t\t\t\t\t\t\t<a href=\"https:\/\/bakowscybhp.pl\/wp-content\/uploads\/2021\/06\/europe-Group-1-scaled.jpg\" data-elementor-open-lightbox=\"yes\" data-elementor-lightbox-title=\"europe Group\" data-elementor-lightbox-description=\"Wroc\u0142aw, warszawa, Katowice, \u015bl\u0105sk: szkolenia bhp, us\u0142ugi bhp, obs\u0142uga BHP, nadz\u00f3r BHP, BHP, doradztwo BHP, s\u0142u\u017cba BHP, kontrole BHP, audyty BHP, ORZ, Instrukcje BHP, plan BIOZ, PPO\u017b, BHP praca, B\u0105kowscy, b\u0105kowski, B\u0105kowski Marek, specjalista ds. BHP, inspektor ds. BHP, stanowiska BHP, bezpiecze\u0144stwo w pracy\" data-e-action-hash=\"#elementor-action%3Aaction%3Dlightbox%26settings%3DeyJpZCI6ODA3LCJ1cmwiOiJodHRwczpcL1wvYmFrb3dzY3liaHAucGxcL3dwLWNvbnRlbnRcL3VwbG9hZHNcLzIwMjFcLzA2XC9ldXJvcGUtR3JvdXAtMS1zY2FsZWQuanBnIn0%3D\">\n\t\t\t\t\t\t\t<img loading=\"lazy\" decoding=\"async\" width=\"1024\" height=\"576\" src=\"https:\/\/bakowscybhp.pl\/wp-content\/uploads\/2021\/06\/europe-Group-1-1024x576.jpg\" class=\"attachment-large size-large wp-image-807\" alt=\"\" srcset=\"https:\/\/bakowscybhp.pl\/wp-content\/uploads\/2021\/06\/europe-Group-1-1024x576.jpg 1024w, https:\/\/bakowscybhp.pl\/wp-content\/uploads\/2021\/06\/europe-Group-1-300x169.jpg 300w, https:\/\/bakowscybhp.pl\/wp-content\/uploads\/2021\/06\/europe-Group-1-768x432.jpg 768w, https:\/\/bakowscybhp.pl\/wp-content\/uploads\/2021\/06\/europe-Group-1-1536x864.jpg 1536w, https:\/\/bakowscybhp.pl\/wp-content\/uploads\/2021\/06\/europe-Group-1-2048x1152.jpg 2048w\" sizes=\"(max-width: 1024px) 100vw, 1024px\" \/>\t\t\t\t\t\t\t\t<\/a>\n\t\t\t\t\t\t\t\t\t\t\t\t\t<\/div>\n\t\t\t\t<\/div>\n\t\t\t\t<div class=\"elementor-element elementor-element-78d7161 elementor-widget elementor-widget-image\" data-id=\"78d7161\" data-element_type=\"widget\" data-widget_type=\"image.default\">\n\t\t\t\t<div class=\"elementor-widget-container\">\n\t\t\t\t\t\t\t\t\t\t\t\t\t\t<a href=\"https:\/\/bakowscybhp.pl\/wp-content\/uploads\/2021\/06\/spartank3.jpg\" data-elementor-open-lightbox=\"yes\" data-elementor-lightbox-title=\"Samoch\u00f3d ci\u0119\u017carowy - cysterna firmy spartank w transporcie mi\u0119dzynarodowym jad\u0105ca na drodze ekspresowej\" data-elementor-lightbox-description=\"Samoch\u00f3d ci\u0119\u017carowy - cysterna firmy spartank w transporcie mi\u0119dzynarodowym jad\u0105ca na drodze ekspresowej \" data-e-action-hash=\"#elementor-action%3Aaction%3Dlightbox%26settings%3DeyJpZCI6ODY1LCJ1cmwiOiJodHRwczpcL1wvYmFrb3dzY3liaHAucGxcL3dwLWNvbnRlbnRcL3VwbG9hZHNcLzIwMjFcLzA2XC9zcGFydGFuazMuanBnIn0%3D\">\n\t\t\t\t\t\t\t<img loading=\"lazy\" decoding=\"async\" width=\"780\" height=\"891\" src=\"https:\/\/bakowscybhp.pl\/wp-content\/uploads\/2021\/06\/spartank3.jpg\" class=\"attachment-large size-large wp-image-865\" alt=\"Samoch\u00f3d ci\u0119\u017carowy - cysterna firmy spartank w transporcie mi\u0119dzynarodowym jad\u0105ca na drodze ekspresowej\" srcset=\"https:\/\/bakowscybhp.pl\/wp-content\/uploads\/2021\/06\/spartank3.jpg 780w, https:\/\/bakowscybhp.pl\/wp-content\/uploads\/2021\/06\/spartank3-263x300.jpg 263w, https:\/\/bakowscybhp.pl\/wp-content\/uploads\/2021\/06\/spartank3-768x877.jpg 768w\" sizes=\"(max-width: 780px) 100vw, 780px\" \/>\t\t\t\t\t\t\t\t<\/a>\n\t\t\t\t\t\t\t\t\t\t\t\t\t<\/div>\n\t\t\t\t<\/div>\n\t\t\t\t\t<\/div>\n\t\t<\/div>\n\t\t\t\t\t<\/div>\n\t\t<\/section>\n\t\t\t\t<\/div>\n\t\t","protected":false},"excerpt":{"rendered":"","protected":false},"author":1,"featured_media":185,"parent":0,"menu_order":0,"comment_status":"closed","ping_status":"closed","template":"","meta":{"site-sidebar-layout":"no-sidebar","site-content-layout":"page-builder","ast-site-content-layout":"","site-content-style":"default","site-sidebar-style":"default","ast-global-header-display":"","ast-banner-title-visibility":"","ast-main-header-display":"","ast-hfb-above-header-display":"","ast-hfb-below-header-display":"","ast-hfb-mobile-header-display":"","site-post-title":"disabled","ast-breadcrumbs-content":"","ast-featured-img":"disabled","footer-sml-layout":"","theme-transparent-header-meta":"default","adv-header-id-meta":"","stick-header-meta":"","header-above-stick-meta":"","header-main-stick-meta":"","header-below-stick-meta":"","astra-migrate-meta-layouts":"","footnotes":""},"aioseo_notices":[],"_links":{"self":[{"href":"https:\/\/bakowscybhp.pl\/index.php?rest_route=\/wp\/v2\/pages\/681"}],"collection":[{"href":"https:\/\/bakowscybhp.pl\/index.php?rest_route=\/wp\/v2\/pages"}],"about":[{"href":"https:\/\/bakowscybhp.pl\/index.php?rest_route=\/wp\/v2\/types\/page"}],"author":[{"embeddable":true,"href":"https:\/\/bakowscybhp.pl\/index.php?rest_route=\/wp\/v2\/users\/1"}],"replies":[{"embeddable":true,"href":"https:\/\/bakowscybhp.pl\/index.php?rest_route=%2Fwp%2Fv2%2Fcomments&post=681"}],"version-history":[{"count":22,"href":"https:\/\/bakowscybhp.pl\/index.php?rest_route=\/wp\/v2\/pages\/681\/revisions"}],"predecessor-version":[{"id":897,"href":"https:\/\/bakowscybhp.pl\/index.php?rest_route=\/wp\/v2\/pages\/681\/revisions\/897"}],"wp:featuredmedia":[{"embeddable":true,"href":"https:\/\/bakowscybhp.pl\/index.php?rest_route=\/wp\/v2\/media\/185"}],"wp:attachment":[{"href":"https:\/\/bakowscybhp.pl\/index.php?rest_route=%2Fwp%2Fv2%2Fmedia&parent=681"}],"curies":[{"name":"wp","href":"https:\/\/api.w.org\/{rel}","templated":true}]}}